{"id":3,"date":"2021-12-16T23:13:24","date_gmt":"2021-12-16T23:13:24","guid":{"rendered":"https:\/\/vikingpodden.no\/?page_id=3"},"modified":"2021-12-19T23:47:35","modified_gmt":"2021-12-19T23:47:35","slug":"privacy-policy","status":"publish","type":"page","link":"https:\/\/vikingpodden.no\/?page_id=3","title":{"rendered":"Personvern"},"content":{"rendered":"\n<p>Denne siden linker til innhold fra andre nettsteder\/tjenester, som Spotify og Youtube. Disse eksterne leverand\u00f8rene av innhold kan samle og bruke informasjon om brukerne, inkludert bruke cookies, p\u00e5 samme m\u00e5te som om brukerne hadde benyttet f.eks. Spotify og Youtube direkte.<\/p>\n\n\n\n<p>Vikingpodden.no lagrer selv ingen data om bes\u00f8kende.<\/p>\n","protected":false},"excerpt":{"rendered":"<p>Denne siden linker til innhold fra andre nettsteder\/tjenester, som Spotify og Youtube. Disse eksterne leverand\u00f8rene av innhold kan samle og bruke informasjon om brukerne, inkludert bruke cookies, p\u00e5 samme m\u00e5te som om brukerne hadde benyttet f.eks. Spotify og Youtube direkte. Vikingpodden.no lagrer selv ingen data om bes\u00f8kende.<\/p>\n","protected":false},"author":2,"featured_media":0,"parent":0,"menu_order":0,"comment_status":"closed","ping_status":"open","template":"","meta":[],"_links":{"self":[{"href":"https:\/\/vikingpodden.no\/index.php?rest_route=\/wp\/v2\/pages\/3"}],"collection":[{"href":"https:\/\/vikingpodden.no\/index.php?rest_route=\/wp\/v2\/pages"}],"about":[{"href":"https:\/\/vikingpodden.no\/index.php?rest_route=\/wp\/v2\/types\/page"}],"author":[{"embeddable":true,"href":"https:\/\/vikingpodden.no\/index.php?rest_route=\/wp\/v2\/users\/2"}],"replies":[{"embeddable":true,"href":"https:\/\/vikingpodden.no\/index.php?rest_route=%2Fwp%2Fv2%2Fcomments&post=3"}],"version-history":[{"count":4,"href":"https:\/\/vikingpodden.no\/index.php?rest_route=\/wp\/v2\/pages\/3\/revisions"}],"predecessor-version":[{"id":255,"href":"https:\/\/vikingpodden.no\/index.php?rest_route=\/wp\/v2\/pages\/3\/revisions\/255"}],"wp:attachment":[{"href":"https:\/\/vikingpodden.no\/index.php?rest_route=%2Fwp%2Fv2%2Fmedia&parent=3"}],"curies":[{"name":"wp","href":"https:\/\/api.w.org\/{rel}","templated":true}]}}