{"id":305,"date":"2021-12-27T23:07:03","date_gmt":"2021-12-27T23:07:03","guid":{"rendered":"https:\/\/vikingpodden.no\/?page_id=305"},"modified":"2021-12-27T23:07:03","modified_gmt":"2021-12-27T23:07:03","slug":"siste-episode","status":"publish","type":"page","link":"https:\/\/vikingpodden.no\/?page_id=305","title":{"rendered":"Siste episode"},"content":{"rendered":"\n<p>Siste episode av Vikingpodden kan du lytte til der du h\u00f8rer podcasts eller direkte i nettleseren under.<\/p>\n\n\n\n<p>For en oversikt over samtlige episoder av podcasten, trykk p\u00e5 Spotify-ikonet eller s\u00f8k opp Vikingpodden i din podcast-avspiller.<\/p>\n\n\n\n<figure class=\"wp-block-embed is-type-rich is-provider-spotify wp-block-embed-spotify wp-embed-aspect-21-9 wp-has-aspect-ratio\"><div class=\"wp-block-embed__wrapper\">\n<iframe loading=\"lazy\" title=\"Spotify Embed: Vikingpodden\" width=\"100%\" height=\"152\" frameborder=\"0\" allowfullscreen allow=\"autoplay; clipboard-write; encrypted-media; fullscreen; picture-in-picture\" src=\"https:\/\/open.spotify.com\/embed\/show\/5ih5iTKCyZ2zUOQ29t7ovI?si=918cc5ee41ea44ab&#038;utm_source=oembed\"><\/iframe>\n<\/div><\/figure>\n","protected":false},"excerpt":{"rendered":"<p>Siste episode av Vikingpodden kan du lytte til der du h\u00f8rer podcasts eller direkte i nettleseren under. For en oversikt over samtlige episoder av podcasten, trykk p\u00e5 Spotify-ikonet eller s\u00f8k opp Vikingpodden i din podcast-avspiller.<\/p>\n","protected":false},"author":2,"featured_media":0,"parent":0,"menu_order":0,"comment_status":"closed","ping_status":"closed","template":"","meta":[],"_links":{"self":[{"href":"https:\/\/vikingpodden.no\/index.php?rest_route=\/wp\/v2\/pages\/305"}],"collection":[{"href":"https:\/\/vikingpodden.no\/index.php?rest_route=\/wp\/v2\/pages"}],"about":[{"href":"https:\/\/vikingpodden.no\/index.php?rest_route=\/wp\/v2\/types\/page"}],"author":[{"embeddable":true,"href":"https:\/\/vikingpodden.no\/index.php?rest_route=\/wp\/v2\/users\/2"}],"replies":[{"embeddable":true,"href":"https:\/\/vikingpodden.no\/index.php?rest_route=%2Fwp%2Fv2%2Fcomments&post=305"}],"version-history":[{"count":1,"href":"https:\/\/vikingpodden.no\/index.php?rest_route=\/wp\/v2\/pages\/305\/revisions"}],"predecessor-version":[{"id":306,"href":"https:\/\/vikingpodden.no\/index.php?rest_route=\/wp\/v2\/pages\/305\/revisions\/306"}],"wp:attachment":[{"href":"https:\/\/vikingpodden.no\/index.php?rest_route=%2Fwp%2Fv2%2Fmedia&parent=305"}],"curies":[{"name":"wp","href":"https:\/\/api.w.org\/{rel}","templated":true}]}}